{"id":2265,"date":"2023-11-26T13:02:22","date_gmt":"2023-11-26T13:02:22","guid":{"rendered":"https:\/\/escueladetradingmdg.com\/academia\/?page_id=2265"},"modified":"2023-11-26T13:53:06","modified_gmt":"2023-11-26T13:53:06","slug":"valoracion","status":"publish","type":"page","link":"https:\/\/escueladetradingmdg.com\/academia\/valoracion\/","title":{"rendered":"Valoraci\u00f3n"},"content":{"rendered":"<style>\/*! elementor - v3.18.0 - 20-11-2023 *\/\n.elementor-widget-image{text-align:center}.elementor-widget-image a{display:inline-block}.elementor-widget-image a img[src$=\".svg\"]{width:48px}.elementor-widget-image img{vertical-align:middle;display:inline-block}<\/style>\n<p>\t\t\t\t\t\t\t\t\t\t\t\t<img loading=\"lazy\" decoding=\"async\" width=\"1024\" height=\"592\" src=\"https:\/\/escueladetradingmdg.com\/academia\/wp-content\/uploads\/2023\/11\/Logo-trading-MDG-negro-1024x592.png\" alt=\"\" srcset=\"https:\/\/escueladetradingmdg.com\/academia\/wp-content\/uploads\/2023\/11\/Logo-trading-MDG-negro-1024x592.png 1024w, https:\/\/escueladetradingmdg.com\/academia\/wp-content\/uploads\/2023\/11\/Logo-trading-MDG-negro-600x347.png 600w, https:\/\/escueladetradingmdg.com\/academia\/wp-content\/uploads\/2023\/11\/Logo-trading-MDG-negro-300x173.png 300w, https:\/\/escueladetradingmdg.com\/academia\/wp-content\/uploads\/2023\/11\/Logo-trading-MDG-negro-768x444.png 768w, https:\/\/escueladetradingmdg.com\/academia\/wp-content\/uploads\/2023\/11\/Logo-trading-MDG-negro-1536x887.png 1536w, https:\/\/escueladetradingmdg.com\/academia\/wp-content\/uploads\/2023\/11\/Logo-trading-MDG-negro-2048x1183.png 2048w\" sizes=\"auto, (max-width: 1024px) 100vw, 1024px\" \/>\t\t\t\t\t\t\t\t\t\t\t\t\t\t\t<\/p>\n<p>Valora el curso de la escuela<\/p>\n<style>\/*! elementor - v3.18.0 - 20-11-2023 *\/\n.elementor-heading-title{padding:0;margin:0;line-height:1}.elementor-widget-heading .elementor-heading-title[class*=elementor-size-]>a{color:inherit;font-size:inherit;line-height:inherit}.elementor-widget-heading .elementor-heading-title.elementor-size-small{font-size:15px}.elementor-widget-heading .elementor-heading-title.elementor-size-medium{font-size:19px}.elementor-widget-heading .elementor-heading-title.elementor-size-large{font-size:29px}.elementor-widget-heading .elementor-heading-title.elementor-size-xl{font-size:39px}.elementor-widget-heading .elementor-heading-title.elementor-size-xxl{font-size:59px}<\/style>\n<h2>M\u00e9todo MDG<\/h2>\n<p>Ay\u00fadanos a mejorar la escuela con tu opini\u00f3n.<\/p>\n<form id=\"wpforms-form-2277\" data-formid=\"2277\" method=\"post\" enctype=\"multipart\/form-data\" action=\"\/academia\/wp-admin\/admin-ajax.php\" data-token=\"43948494e22b8e17218cac10202da81c\"><noscript>Por favor, activa JavaScript en tu navegador para completar este formulario.<\/noscript>Por favor, activa JavaScript en tu navegador para completar este formulario.<label for=\"wpforms-2277-field_0\" aria-hidden=\"false\">Name *<\/label><input type=\"text\" id=\"wpforms-2277-field_0\" name=\"wpforms[fields][0]\" placeholder=\"Nombre completo\" aria-errormessage=\"wpforms-2277-field_0-error\" required><label for=\"wpforms-2277-field_1\" aria-hidden=\"false\">Email Address *<\/label><input type=\"email\" id=\"wpforms-2277-field_1\" name=\"wpforms[fields][1]\" placeholder=\"Email\" spellcheck=\"false\" aria-errormessage=\"wpforms-2277-field_1-error\" required><label for=\"wpforms-2277-field_2\" aria-hidden=\"false\">Comment or Message *<\/label><textarea id=\"wpforms-2277-field_2\" name=\"wpforms[fields][2]\" placeholder=\"D\u00e9janos tu opini\u00f3n sobre la escuela de trading MDG\" aria-errormessage=\"wpforms-2277-field_2-error\" required><\/textarea><!-- .wpforms-field-container --><input type=\"hidden\" name=\"wpforms[id]\" value=\"2277\">\t\t\t<input\n\t\t\t\ttype=\"hidden\"\n\t\t\t\tname=\"wpforms[nonce]\"\n\t\t\t\tvalue=\"fd192c599c\"\n\t\t\t\/><br \/>\n\t\t\t<input type=\"hidden\" name=\"wpforms[author]\" value=\"1\"><button type=\"submit\" name=\"wpforms[submit]\" id=\"wpforms-submit-2277\" data-alt-text=\"Enviando...\" data-submit-text=\"Enviar opini\u00f3n\" aria-live=\"assertive\" value=\"wpforms-submit\">Enviar opini\u00f3n<\/button><\/form>\n<p>  <!-- .wpforms-container --><\/p>\n","protected":false},"excerpt":{"rendered":"<p>Valora el curso de la escuela M\u00e9todo MDG Ay\u00fadanos a mejorar la escuela con tu opini\u00f3n. Por favor, activa JavaScript en tu navegador para completar este formulario.Por favor, activa JavaScript en tu navegador para completar este formulario.Name *Email Address *Comment or Message * Enviar opini\u00f3n<\/p>\n","protected":false},"author":1,"featured_media":0,"parent":0,"menu_order":0,"comment_status":"closed","ping_status":"closed","template":"","meta":{"_eb_attr":"","footnotes":"","_links_to":"","_links_to_target":""},"class_list":["post-2265","page","type-page","status-publish","hentry"],"blocksy_meta":{"styles_descriptor":{"styles":{"desktop":"","tablet":"","mobile":""},"google_fonts":[],"version":5}},"_links":{"self":[{"href":"https:\/\/escueladetradingmdg.com\/academia\/wp-json\/wp\/v2\/pages\/2265","targetHints":{"allow":["GET"]}}],"collection":[{"href":"https:\/\/escueladetradingmdg.com\/academia\/wp-json\/wp\/v2\/pages"}],"about":[{"href":"https:\/\/escueladetradingmdg.com\/academia\/wp-json\/wp\/v2\/types\/page"}],"author":[{"embeddable":true,"href":"https:\/\/escueladetradingmdg.com\/academia\/wp-json\/wp\/v2\/users\/1"}],"replies":[{"embeddable":true,"href":"https:\/\/escueladetradingmdg.com\/academia\/wp-json\/wp\/v2\/comments?post=2265"}],"version-history":[{"count":10,"href":"https:\/\/escueladetradingmdg.com\/academia\/wp-json\/wp\/v2\/pages\/2265\/revisions"}],"predecessor-version":[{"id":2286,"href":"https:\/\/escueladetradingmdg.com\/academia\/wp-json\/wp\/v2\/pages\/2265\/revisions\/2286"}],"wp:attachment":[{"href":"https:\/\/escueladetradingmdg.com\/academia\/wp-json\/wp\/v2\/media?parent=2265"}],"curies":[{"name":"wp","href":"https:\/\/api.w.org\/{rel}","templated":true}]}}